{"id":4286,"date":"2025-10-29T12:24:04","date_gmt":"2025-10-29T11:24:04","guid":{"rendered":"https:\/\/sijajko.si\/?post_type=product&#038;p=4286"},"modified":"2026-04-01T16:55:52","modified_gmt":"2026-04-01T15:55:52","slug":"cistilo-za-usnje-leather-clean","status":"publish","type":"product","link":"https:\/\/sijajko.si\/en\/product\/cistilo-za-usnje-leather-clean\/","title":{"rendered":"\u010cistilo za usnje &#8220;Leather Clean&#8221; 500ml"},"content":{"rendered":"<p data-start=\"0\" data-end=\"216\">&#8220;LEATHER CLEAN&#8221; je zelo u\u010dinkovito \u010distilo za usnje, posebej zasnovano za umetno, naravno in Alcantara usnje. Enostaven za nanos in z mo\u010dno \u010distilno mo\u010djo bo &#8220;LEATHER CLEAN&#8221; povrnil va\u0161im notranjim povr\u0161inam prvotni sijaj.<\/p>\n<p data-start=\"218\" data-end=\"330\">Ne\u017een in vla\u017eilen u\u010dinek zagotavlja popolno stanje va\u0161ih usnjenih sede\u017eev, oblog ter drugih usnjenih izdelkov.<\/p>\n<p data-start=\"332\" data-end=\"465\">Izdelan v Nem\u010diji in vrhunske kakovosti, &#8220;LEATHER CLEAN&#8221; s svojimi kakovostnimi sestavinami poskrbi za nov sijaj in \u010diste povr\u0161ine.<\/p>\n<p data-start=\"467\" data-end=\"555\">\u010cistilo je primerno za vse vrste in odtenke usnja ter je izjemno enostavno za uporabo.<\/p>\n<p data-start=\"557\" data-end=\"583\"><strong data-start=\"557\" data-end=\"581\">Navodila za uporabo:<\/strong><\/p>\n<ul data-start=\"584\" data-end=\"816\">\n<li data-start=\"584\" data-end=\"688\">\n<p data-start=\"586\" data-end=\"688\">Nanesite Liquid Elements &#8220;Leather Clean&#8221; na mikrokrpo in ga vtrite v obmo\u010dje, ki ga \u017eelite o\u010distiti.<\/p>\n<\/li>\n<li data-start=\"689\" data-end=\"816\">\n<p data-start=\"691\" data-end=\"816\">Pustite delovati pribli\u017eno 5\u201310 sekund, nato obri\u0161ite ostanke z mehko mikrokrpo. (Dalj\u0161i \u010das delovanja ne po\u0161koduje usnja.)<\/p>\n<\/li>\n<\/ul>\n<p data-start=\"818\" data-end=\"834\"><strong data-start=\"818\" data-end=\"832\">Lastnosti:<\/strong><\/p>\n<ul data-start=\"835\" data-end=\"1034\" data-is-last-node=\"\" data-is-only-node=\"\">\n<li data-start=\"835\" data-end=\"863\">\n<p data-start=\"837\" data-end=\"863\">Globinsko \u010di\u0161\u010denje usnja<\/p>\n<\/li>\n<li data-start=\"864\" data-end=\"897\">\n<p data-start=\"866\" data-end=\"897\">Povrne naravno teksturo usnja<\/p>\n<\/li>\n<li data-start=\"898\" data-end=\"954\">\n<p data-start=\"900\" data-end=\"954\">Usnjena povr\u0161ina postane kot nova \/ prijetna na otip<\/p>\n<\/li>\n<li data-start=\"955\" data-end=\"981\">\n<p data-start=\"957\" data-end=\"981\">Zelo enostavna uporaba<\/p>\n<\/li>\n<li data-start=\"982\" data-end=\"1013\">\n<p data-start=\"984\" data-end=\"1013\">Primerno za vse vrste usnja<\/p>\n<\/li>\n<li data-start=\"1014\" data-end=\"1034\" data-is-last-node=\"\">\n<p data-start=\"1016\" data-end=\"1034\" data-is-last-node=\"\">pH-nevtralno (7)<\/p>\n<\/li>\n<\/ul>","protected":false},"excerpt":{"rendered":"<p><strong>Koli\u010dina:<\/strong> 500ml<\/p>\n<p>Leather Clean &#8211; profesionalno \u010distilo za usnje, ki odstrani umazanijo in made\u017ee ter ohranja mehkobo in naraven videz usnjenih povr\u0161in.<\/p>","protected":false},"featured_media":4287,"comment_status":"open","ping_status":"closed","template":"","meta":[],"product_brand":[],"product_cat":[36,21,28,45],"product_tag":[],"class_list":{"0":"post-4286","1":"product","2":"type-product","3":"status-publish","4":"has-post-thumbnail","6":"product_cat-liquid-elements","7":"product_cat-notranjost","8":"product_cat-vse","9":"product_cat-vse-za-usnje","11":"first","12":"instock","13":"shipping-taxable","14":"purchasable","15":"product-type-simple"},"supplier_id":null,"supplier_sku":"","barcode":null,"atum_controlled":true,"out_stock_date":null,"out_stock_threshold":null,"inheritable":false,"inbound_stock":0,"stock_on_hold":0,"sold_today":0,"sales_last_days":0,"reserved_stock":0,"customer_returns":0,"warehouse_damage":0,"lost_in_post":0,"other_logs":0,"out_stock_days":0,"lost_sales":0,"has_location":false,"update_date":"2026-04-18T03:19:49","atum_locations":[],"atum_stock_status":"instock","restock_status":false,"low_stock_amount":"","sales_update_date":"2026-04-18T03:19:49","calc_backorders":0,"_links":{"self":[{"href":"https:\/\/sijajko.si\/en\/wp-json\/wp\/v2\/product\/4286","targetHints":{"allow":["GET"]}}],"collection":[{"href":"https:\/\/sijajko.si\/en\/wp-json\/wp\/v2\/product"}],"about":[{"href":"https:\/\/sijajko.si\/en\/wp-json\/wp\/v2\/types\/product"}],"replies":[{"embeddable":true,"href":"https:\/\/sijajko.si\/en\/wp-json\/wp\/v2\/comments?post=4286"}],"wp:featuredmedia":[{"embeddable":true,"href":"https:\/\/sijajko.si\/en\/wp-json\/wp\/v2\/media\/4287"}],"wp:attachment":[{"href":"https:\/\/sijajko.si\/en\/wp-json\/wp\/v2\/media?parent=4286"}],"wp:term":[{"taxonomy":"product_brand","embeddable":true,"href":"https:\/\/sijajko.si\/en\/wp-json\/wp\/v2\/product_brand?post=4286"},{"taxonomy":"product_cat","embeddable":true,"href":"https:\/\/sijajko.si\/en\/wp-json\/wp\/v2\/product_cat?post=4286"},{"taxonomy":"product_tag","embeddable":true,"href":"https:\/\/sijajko.si\/en\/wp-json\/wp\/v2\/product_tag?post=4286"}],"curies":[{"name":"wp","href":"https:\/\/api.w.org\/{rel}","templated":true}]}}