{"id":3761,"date":"2025-09-20T01:11:40","date_gmt":"2025-09-19T23:11:40","guid":{"rendered":"https:\/\/sijajko.si\/?post_type=product&#038;p=3761"},"modified":"2026-04-01T17:00:06","modified_gmt":"2026-04-01T16:00:06","slug":"vedro-za-pranje-20l-vkljucno-z-lovilcem-umazanije-in-pokrovom","status":"publish","type":"product","link":"https:\/\/sijajko.si\/en\/product\/vedro-za-pranje-20l-vkljucno-z-lovilcem-umazanije-in-pokrovom\/","title":{"rendered":"Vedro za pranje avtomobila 20L"},"content":{"rendered":"<p>Odkrijte razburljiv svet nege avtomobilov z na\u0161im 20-litrskim vedrom za pranje. To edinstveno vedro dvigne va\u0161o rutino pranja avtomobila na vi\u0161jo raven. Z velikodu\u0161no prostornino 20 litrov omogo\u010da u\u010dinkovito \u010di\u0161\u010denje brez nadle\u017enega dolivanja.<\/p>\n<p>Vedro za pranje je opremljeno z lovilcem umazanije, ki u\u010dinkovito filtrira umazanijo in ne\u010disto\u010de iz vode. Tako lahko svoje vozilo o\u010distite brez prask in hkrati prihranite \u010das. Prakti\u010den navojni pokrov zagotavlja vodotesno zapiranje in varen transport vode.<\/p>\n<p>Poka\u017eite svojo strast do avtomobilov in njihove nege s tem edinstvenim vedrom za pranje, ki ni le funkcionalno, ampak tudi stilsko.<\/p>\n<p>Ne zamudite prilo\u017enosti, da raz\u0161irite svoj negovalni set z razburljivim 20-litrskim vedrom za pranje znamke Liquid Elements!<\/p>","protected":false},"excerpt":{"rendered":"<p>20L vedro Liquid Elements z mre\u017eo proti umazaniji in pokrovom za varno pranje vozila brez prask. Profesionalna izbira za detailing doma.<\/p>","protected":false},"featured_media":3762,"comment_status":"open","ping_status":"closed","template":"","meta":[],"product_brand":[],"product_cat":[36,23,21,25,43,29,26,28,20],"product_tag":[],"class_list":{"0":"post-3761","1":"product","2":"type-product","3":"status-publish","4":"has-post-thumbnail","6":"product_cat-liquid-elements","7":"product_cat-naprave","8":"product_cat-notranjost","9":"product_cat-platisca-in-gume","10":"product_cat-predpranje-in-rja","11":"product_cat-pripomocki-za-notranjost","12":"product_cat-pripomocki-za-pranje","13":"product_cat-vse","14":"product_cat-zunanjost","16":"first","17":"instock","18":"shipping-taxable","19":"purchasable","20":"product-type-simple"},"supplier_id":null,"supplier_sku":"","barcode":null,"atum_controlled":true,"out_stock_date":null,"out_stock_threshold":null,"inheritable":false,"inbound_stock":0,"stock_on_hold":0,"sold_today":0,"sales_last_days":0,"reserved_stock":0,"customer_returns":0,"warehouse_damage":0,"lost_in_post":0,"other_logs":0,"out_stock_days":0,"lost_sales":0,"has_location":null,"update_date":"2026-04-18T03:19:49","atum_locations":[],"atum_stock_status":"instock","restock_status":false,"low_stock_amount":"","sales_update_date":"2026-04-18T03:19:49","calc_backorders":0,"_links":{"self":[{"href":"https:\/\/sijajko.si\/en\/wp-json\/wp\/v2\/product\/3761","targetHints":{"allow":["GET"]}}],"collection":[{"href":"https:\/\/sijajko.si\/en\/wp-json\/wp\/v2\/product"}],"about":[{"href":"https:\/\/sijajko.si\/en\/wp-json\/wp\/v2\/types\/product"}],"replies":[{"embeddable":true,"href":"https:\/\/sijajko.si\/en\/wp-json\/wp\/v2\/comments?post=3761"}],"wp:featuredmedia":[{"embeddable":true,"href":"https:\/\/sijajko.si\/en\/wp-json\/wp\/v2\/media\/3762"}],"wp:attachment":[{"href":"https:\/\/sijajko.si\/en\/wp-json\/wp\/v2\/media?parent=3761"}],"wp:term":[{"taxonomy":"product_brand","embeddable":true,"href":"https:\/\/sijajko.si\/en\/wp-json\/wp\/v2\/product_brand?post=3761"},{"taxonomy":"product_cat","embeddable":true,"href":"https:\/\/sijajko.si\/en\/wp-json\/wp\/v2\/product_cat?post=3761"},{"taxonomy":"product_tag","embeddable":true,"href":"https:\/\/sijajko.si\/en\/wp-json\/wp\/v2\/product_tag?post=3761"}],"curies":[{"name":"wp","href":"https:\/\/api.w.org\/{rel}","templated":true}]}}