{"id":3759,"date":"2025-09-20T01:07:00","date_gmt":"2025-09-19T23:07:00","guid":{"rendered":"https:\/\/sijajko.si\/?post_type=product&#038;p=3759"},"modified":"2026-04-11T08:51:35","modified_gmt":"2026-04-11T07:51:35","slug":"rokavica-za-pranje-monster-mitt","status":"publish","type":"product","link":"https:\/\/sijajko.si\/en\/product\/rokavica-za-pranje-monster-mitt\/","title":{"rendered":"Rokavica za pranje &#8220;MONSTER MITT&#8221;"},"content":{"rendered":"<p>Inovativna struktura pli\u0161astih Chenille vlaken pri &#8220;MONSTER MITT&#8221; zagotavlja popolnoma brezpraskasto izku\u0161njo \u010di\u0161\u010denja. Ta rokavica za pranje ni le oblo\u017eena z visokokakovostnimi vlakni, temve\u010d ima tudi raztegljiv zapestni trak, ki zagotavlja optimalen oprijem med pranjem avtomobila. Vsaka podrobnost Monster Mitt je skrbno izdelana za dolgo \u017eivljenjsko dobo.<\/p>\n<p><strong>Lastnosti:<\/strong><\/p>\n<ul>\n<li>1.800 GSM<\/li>\n<li>dolga vlakna<\/li>\n<li>raztegljiv zapestni trak<\/li>\n<li>pli\u0161asta Chenille vlakna<\/li>\n<li>vlakna po celotni povr\u0161ini<\/li>\n<li>visokokakovostna izdelava<\/li>\n<li>Prednosti: ne\u017eno \u010di\u0161\u010denje, brez prask, optimalen oprijem<\/li>\n<li>Dimenzije: 18 x 26 cm<\/li>\n<li>Te\u017ea: 1.800 GSM vlakna<\/li>\n<li>Sestava materiala: 80 % poliester, 20 % poliamid<\/li>\n<\/ul>\n<p><strong>Uporaba:<\/strong><\/p>\n<ul>\n<li>Zme\u0161ajte vodo s \u0161amponom in rokavico za pranje<\/li>\n<li>Naberite \u010dim ve\u010d vode s \u0161amponom in podrgnite po povr\u0161ini vozila od zgoraj navzdol<\/li>\n<li>Po pranju obmo\u010dja pribli\u017eno 40 x 40 cm rokavico sperite in uporabite novo vodo s \u0161amponom<\/li>\n<li>Pralna do 60 \u00b0C<\/li>\n<\/ul>","protected":false},"excerpt":{"rendered":"<p>Ultra mehka mikrovlaknena rokavica za varno in u\u010dinkovito pranje vozila brez prask. Popolna za profesionalni sijaj.<\/p>","protected":false},"featured_media":3760,"comment_status":"open","ping_status":"closed","template":"","meta":[],"product_brand":[],"product_cat":[36,23,21,43,29,26,28,41,45,20],"product_tag":[],"class_list":{"0":"post-3759","1":"product","2":"type-product","3":"status-publish","4":"has-post-thumbnail","6":"product_cat-liquid-elements","7":"product_cat-naprave","8":"product_cat-notranjost","9":"product_cat-predpranje-in-rja","10":"product_cat-pripomocki-za-notranjost","11":"product_cat-pripomocki-za-pranje","12":"product_cat-vse","13":"product_cat-vse-za-folijo","14":"product_cat-vse-za-usnje","15":"product_cat-zunanjost","17":"first","18":"instock","19":"shipping-taxable","20":"purchasable","21":"product-type-simple"},"supplier_id":null,"supplier_sku":"","barcode":null,"atum_controlled":true,"out_stock_date":null,"out_stock_threshold":null,"inheritable":false,"inbound_stock":0,"stock_on_hold":0,"sold_today":0,"sales_last_days":0,"reserved_stock":0,"customer_returns":0,"warehouse_damage":0,"lost_in_post":0,"other_logs":0,"out_stock_days":0,"lost_sales":0,"has_location":null,"update_date":"2026-04-18T03:19:49","atum_locations":[],"atum_stock_status":"instock","restock_status":false,"low_stock_amount":"","sales_update_date":"2026-04-18T03:19:49","calc_backorders":0,"_links":{"self":[{"href":"https:\/\/sijajko.si\/en\/wp-json\/wp\/v2\/product\/3759","targetHints":{"allow":["GET"]}}],"collection":[{"href":"https:\/\/sijajko.si\/en\/wp-json\/wp\/v2\/product"}],"about":[{"href":"https:\/\/sijajko.si\/en\/wp-json\/wp\/v2\/types\/product"}],"replies":[{"embeddable":true,"href":"https:\/\/sijajko.si\/en\/wp-json\/wp\/v2\/comments?post=3759"}],"wp:featuredmedia":[{"embeddable":true,"href":"https:\/\/sijajko.si\/en\/wp-json\/wp\/v2\/media\/3760"}],"wp:attachment":[{"href":"https:\/\/sijajko.si\/en\/wp-json\/wp\/v2\/media?parent=3759"}],"wp:term":[{"taxonomy":"product_brand","embeddable":true,"href":"https:\/\/sijajko.si\/en\/wp-json\/wp\/v2\/product_brand?post=3759"},{"taxonomy":"product_cat","embeddable":true,"href":"https:\/\/sijajko.si\/en\/wp-json\/wp\/v2\/product_cat?post=3759"},{"taxonomy":"product_tag","embeddable":true,"href":"https:\/\/sijajko.si\/en\/wp-json\/wp\/v2\/product_tag?post=3759"}],"curies":[{"name":"wp","href":"https:\/\/api.w.org\/{rel}","templated":true}]}}