{"id":3732,"date":"2025-09-19T23:39:05","date_gmt":"2025-09-19T21:39:05","guid":{"rendered":"https:\/\/sijajko.si\/?post_type=product&#038;p=3732"},"modified":"2026-04-01T17:05:17","modified_gmt":"2026-04-01T16:05:17","slug":"gel-za-pnevmatike-in-plastiko-back-in-black","status":"publish","type":"product","link":"https:\/\/sijajko.si\/en\/product\/gel-za-pnevmatike-in-plastiko-back-in-black\/","title":{"rendered":"Gel za Pnevmatike in Plastiko &#8220;BACK IN BLACK&#8221; 500ml"},"content":{"rendered":"<p>Gel za pnevmatike in plastiko &#8220;BACK IN BLACK&#8221; zagotavlja svilnat sijaj in videz kot nov za vse pnevmatike in plasti\u010dne dele. Izdelek ne\u017eno o\u010disti in povrne naravno \u010drnino povr\u0161ine brez ve\u010djega napora.<\/p>\n<p><strong>Lastnosti:<\/strong><\/p>\n<ul>\n<li>Povrne pnevmatikam in plastiki naravno \u010drnino<\/li>\n<li>\u010cisti in osve\u017ei<\/li>\n<li>Nov videz<\/li>\n<li>Primeren tudi za plastiko v notranjosti<\/li>\n<\/ul>\n<p><strong>UPORABA:<\/strong><\/p>\n<ul>\n<li>Stekleni\u010dko dobro pretresite<\/li>\n<li>Enakomerno nanesite z aplikatorjem, kot je Liquid Elements Sponge Applicator, ali razpr\u0161ite in nato razma\u017eite<\/li>\n<li>Pustite delovati pribli\u017eno 1 minuto<\/li>\n<li>Po potrebi odstranite ostanke z mikrovlakneno krpo, kot je Liquid Elements Value<\/li>\n<li>\u010ce \u017eelite mo\u010dnej\u0161i u\u010dinek, postopek ponovite<\/li>\n<\/ul>\n<p><strong>OPOZORILA:<\/strong><\/p>\n<ul>\n<li>Ne uporabljajte na mokrih pnevmatikah<\/li>\n<li>Ne nana\u0161ajte na povr\u0161ine, kjer je neza\u017eelena gladkost<\/li>\n<li>pH vrednost pri 20 \u00b0C = 6\u20137<\/li>\n<\/ul>","protected":false},"excerpt":{"rendered":"<p><strong data-start=\"167\" data-end=\"180\" data-is-only-node=\"\">Koli\u010dina:<\/strong> 500ml<\/p>\n<p>Back in Black gel, povrne globok sijaj pnevmatik in plastike, \u0161\u010diti pred UV-\u017earki, bledenjem in razpokanjem. Dolgotrajna za\u0161\u010dita in profesionalen videz.<\/p>","protected":false},"featured_media":3733,"comment_status":"open","ping_status":"closed","template":"","meta":[],"product_brand":[],"product_cat":[36,25,28,20],"product_tag":[],"class_list":{"0":"post-3732","1":"product","2":"type-product","3":"status-publish","4":"has-post-thumbnail","6":"product_cat-liquid-elements","7":"product_cat-platisca-in-gume","8":"product_cat-vse","9":"product_cat-zunanjost","11":"first","12":"instock","13":"shipping-taxable","14":"purchasable","15":"product-type-simple"},"supplier_id":null,"supplier_sku":"","barcode":null,"atum_controlled":true,"out_stock_date":null,"out_stock_threshold":null,"inheritable":false,"inbound_stock":0,"stock_on_hold":0,"sold_today":0,"sales_last_days":0,"reserved_stock":0,"customer_returns":0,"warehouse_damage":0,"lost_in_post":0,"other_logs":0,"out_stock_days":0,"lost_sales":0,"has_location":null,"update_date":"2026-04-18T03:19:49","atum_locations":[],"atum_stock_status":"instock","restock_status":false,"low_stock_amount":"","sales_update_date":"2026-04-18T03:19:49","calc_backorders":0,"_links":{"self":[{"href":"https:\/\/sijajko.si\/en\/wp-json\/wp\/v2\/product\/3732","targetHints":{"allow":["GET"]}}],"collection":[{"href":"https:\/\/sijajko.si\/en\/wp-json\/wp\/v2\/product"}],"about":[{"href":"https:\/\/sijajko.si\/en\/wp-json\/wp\/v2\/types\/product"}],"replies":[{"embeddable":true,"href":"https:\/\/sijajko.si\/en\/wp-json\/wp\/v2\/comments?post=3732"}],"wp:featuredmedia":[{"embeddable":true,"href":"https:\/\/sijajko.si\/en\/wp-json\/wp\/v2\/media\/3733"}],"wp:attachment":[{"href":"https:\/\/sijajko.si\/en\/wp-json\/wp\/v2\/media?parent=3732"}],"wp:term":[{"taxonomy":"product_brand","embeddable":true,"href":"https:\/\/sijajko.si\/en\/wp-json\/wp\/v2\/product_brand?post=3732"},{"taxonomy":"product_cat","embeddable":true,"href":"https:\/\/sijajko.si\/en\/wp-json\/wp\/v2\/product_cat?post=3732"},{"taxonomy":"product_tag","embeddable":true,"href":"https:\/\/sijajko.si\/en\/wp-json\/wp\/v2\/product_tag?post=3732"}],"curies":[{"name":"wp","href":"https:\/\/api.w.org\/{rel}","templated":true}]}}