{"id":3729,"date":"2025-09-19T23:31:39","date_gmt":"2025-09-19T21:31:39","guid":{"rendered":"https:\/\/sijajko.si\/?post_type=product&#038;p=3729"},"modified":"2026-04-01T17:06:06","modified_gmt":"2026-04-01T16:06:06","slug":"cistilna-pena-number-one-foam-party","status":"publish","type":"product","link":"https:\/\/sijajko.si\/en\/product\/cistilna-pena-number-one-foam-party\/","title":{"rendered":"\u010cistilna pena &#8211; Number One &#8220;FOAM PARTY&#8221; 1L"},"content":{"rendered":"<p>\u010cistilna pena &#8220;FOAM PARTY&#8221; va\u0161e vozilo prekrije z gosto in debelo peno, ki u\u010dinkovito odstranjuje grobo umazanijo ter olaj\u0161a ro\u010dno pranje. Zahvaljujo\u010d pH-nevtralni formuli se &#8220;FOAM PARTY&#8221; lahko uporablja tudi na \u017ee za\u0161\u010ditenih vozilih. pH vrednost \u010distilne pene je 7.<\/p>\n<p><strong>Navodila za uporabo:<\/strong><\/p>\n<ul>\n<li>Zme\u0161ajte 50 ml \u010distilne pene z 950 ml vode<\/li>\n<li>Nanesite na vozilo s penilno pi\u0161tolo ali ro\u010dnim razpr\u0161ilcem<\/li>\n<li>Pustite delovati 20 sekund<\/li>\n<li>Odstranite vse ostanke s \u010disto vodo<\/li>\n<\/ul>","protected":false},"excerpt":{"rendered":"<p><strong data-start=\"167\" data-end=\"180\" data-is-only-node=\"\">Koli\u010dina:<\/strong> 1L<br \/>\n\u010cistilna pena Foam Party \u2013 pH nevtralna pena za varno pranje avta. U\u010dinkovito odstrani umazanijo in ohranja za\u0161\u010dito laka ter kerami\u010dnih premazov.<\/p>","protected":false},"featured_media":3731,"comment_status":"open","ping_status":"closed","template":"","meta":[],"product_brand":[],"product_cat":[36,38,28,20],"product_tag":[],"class_list":{"0":"post-3729","1":"product","2":"type-product","3":"status-publish","4":"has-post-thumbnail","6":"product_cat-liquid-elements","7":"product_cat-samponi-in-pene","8":"product_cat-vse","9":"product_cat-zunanjost","11":"first","12":"instock","13":"shipping-taxable","14":"purchasable","15":"product-type-simple"},"supplier_id":null,"supplier_sku":"","barcode":null,"atum_controlled":true,"out_stock_date":null,"out_stock_threshold":null,"inheritable":false,"inbound_stock":0,"stock_on_hold":0,"sold_today":0,"sales_last_days":0,"reserved_stock":0,"customer_returns":0,"warehouse_damage":0,"lost_in_post":0,"other_logs":0,"out_stock_days":0,"lost_sales":0,"has_location":null,"update_date":"2026-04-18T03:19:49","atum_locations":[],"atum_stock_status":"instock","restock_status":false,"low_stock_amount":"","sales_update_date":"2026-04-18T03:19:49","calc_backorders":0,"_links":{"self":[{"href":"https:\/\/sijajko.si\/en\/wp-json\/wp\/v2\/product\/3729","targetHints":{"allow":["GET"]}}],"collection":[{"href":"https:\/\/sijajko.si\/en\/wp-json\/wp\/v2\/product"}],"about":[{"href":"https:\/\/sijajko.si\/en\/wp-json\/wp\/v2\/types\/product"}],"replies":[{"embeddable":true,"href":"https:\/\/sijajko.si\/en\/wp-json\/wp\/v2\/comments?post=3729"}],"wp:featuredmedia":[{"embeddable":true,"href":"https:\/\/sijajko.si\/en\/wp-json\/wp\/v2\/media\/3731"}],"wp:attachment":[{"href":"https:\/\/sijajko.si\/en\/wp-json\/wp\/v2\/media?parent=3729"}],"wp:term":[{"taxonomy":"product_brand","embeddable":true,"href":"https:\/\/sijajko.si\/en\/wp-json\/wp\/v2\/product_brand?post=3729"},{"taxonomy":"product_cat","embeddable":true,"href":"https:\/\/sijajko.si\/en\/wp-json\/wp\/v2\/product_cat?post=3729"},{"taxonomy":"product_tag","embeddable":true,"href":"https:\/\/sijajko.si\/en\/wp-json\/wp\/v2\/product_tag?post=3729"}],"curies":[{"name":"wp","href":"https:\/\/api.w.org\/{rel}","templated":true}]}}