{"id":3709,"date":"2025-09-19T18:25:35","date_gmt":"2025-09-19T16:25:35","guid":{"rendered":"https:\/\/sijajko.si\/?post_type=product&#038;p=3709"},"modified":"2026-04-10T18:42:09","modified_gmt":"2026-04-10T17:42:09","slug":"set-za-ciscenje-platisc","status":"publish","type":"product","link":"https:\/\/sijajko.si\/en\/product\/set-za-ciscenje-platisc\/","title":{"rendered":"Set za \u010ci\u0161\u010denje Plati\u0161\u010d 1L"},"content":{"rendered":"<p data-start=\"0\" data-end=\"196\">Set za \u010di\u0161\u010denje plati\u0161\u010d ponuja celovito re\u0161itev za ne\u017eno in u\u010dinkovito \u010di\u0161\u010denje va\u0161ih plati\u0161\u010d. Priskrbite si najbolj\u0161o nego za svoja plati\u0161\u010da in do\u017eivite sijaj ter \u010disto\u010do do zadnje podrobnosti!<\/p>\n<p data-start=\"198\" data-end=\"223\">Vsebina osnovnega seta:<\/p>\n<ul data-start=\"225\" data-end=\"588\" data-is-last-node=\"\" data-is-only-node=\"\">\n<li data-start=\"225\" data-end=\"366\">\n<p data-start=\"227\" data-end=\"366\">Liquid Elements Dust Cracker \u010distilo za plati\u0161\u010da 1,0 L: brez kislin, reaktivno \u010distilo za ne\u017eno in u\u010dinkovito \u010di\u0161\u010denje vseh vrst plati\u0161\u010d.<\/p>\n<\/li>\n<li data-start=\"367\" data-end=\"588\" data-is-last-node=\"\">\n<p data-start=\"369\" data-end=\"588\" data-is-last-node=\"\">Liquid Elements krta\u010da za plati\u0161\u010da Furby Evo 41 cm: z ne\u017eno mikrovlakneno tehnologijo krta\u010da ne\u017eno o\u010disti vse vrste plati\u0161\u010d. Zaradi svoje fleksibilne in upogljive oblike omogo\u010da dostop tudi do najte\u017eje dostopnih mest.<\/p>\n<\/li>\n<\/ul>","protected":false},"excerpt":{"rendered":"<p>Komplet za \u010di\u0161\u010denje plati\u0161\u010d, u\u010dinkovito odstrani zavorni prah in umazanijo ter zagotovi ble\u0161\u010de\u010d videz in za\u0161\u010dito koles.<\/p>","protected":false},"featured_media":3710,"comment_status":"open","ping_status":"closed","template":"","meta":[],"product_brand":[],"product_cat":[40,36,25,43,28,20],"product_tag":[],"class_list":{"0":"post-3709","1":"product","2":"type-product","3":"status-publish","4":"has-post-thumbnail","6":"product_cat-kompleti","7":"product_cat-liquid-elements","8":"product_cat-platisca-in-gume","9":"product_cat-predpranje-in-rja","10":"product_cat-vse","11":"product_cat-zunanjost","13":"first","14":"instock","15":"shipping-taxable","16":"purchasable","17":"product-type-simple"},"supplier_id":null,"supplier_sku":"","barcode":null,"atum_controlled":true,"out_stock_date":null,"out_stock_threshold":null,"inheritable":false,"inbound_stock":0,"stock_on_hold":0,"sold_today":0,"sales_last_days":0,"reserved_stock":0,"customer_returns":0,"warehouse_damage":0,"lost_in_post":0,"other_logs":0,"out_stock_days":0,"lost_sales":0,"has_location":null,"update_date":"2026-04-18T03:19:50","atum_locations":[],"atum_stock_status":"instock","restock_status":false,"low_stock_amount":"","sales_update_date":"2026-04-18T03:19:50","calc_backorders":0,"_links":{"self":[{"href":"https:\/\/sijajko.si\/en\/wp-json\/wp\/v2\/product\/3709","targetHints":{"allow":["GET"]}}],"collection":[{"href":"https:\/\/sijajko.si\/en\/wp-json\/wp\/v2\/product"}],"about":[{"href":"https:\/\/sijajko.si\/en\/wp-json\/wp\/v2\/types\/product"}],"replies":[{"embeddable":true,"href":"https:\/\/sijajko.si\/en\/wp-json\/wp\/v2\/comments?post=3709"}],"wp:featuredmedia":[{"embeddable":true,"href":"https:\/\/sijajko.si\/en\/wp-json\/wp\/v2\/media\/3710"}],"wp:attachment":[{"href":"https:\/\/sijajko.si\/en\/wp-json\/wp\/v2\/media?parent=3709"}],"wp:term":[{"taxonomy":"product_brand","embeddable":true,"href":"https:\/\/sijajko.si\/en\/wp-json\/wp\/v2\/product_brand?post=3709"},{"taxonomy":"product_cat","embeddable":true,"href":"https:\/\/sijajko.si\/en\/wp-json\/wp\/v2\/product_cat?post=3709"},{"taxonomy":"product_tag","embeddable":true,"href":"https:\/\/sijajko.si\/en\/wp-json\/wp\/v2\/product_tag?post=3709"}],"curies":[{"name":"wp","href":"https:\/\/api.w.org\/{rel}","templated":true}]}}