{"id":3152,"date":"2025-09-09T11:23:01","date_gmt":"2025-09-09T09:23:01","guid":{"rendered":"https:\/\/sijajko.si\/?post_type=product&#038;p=3152"},"modified":"2026-04-01T17:08:22","modified_gmt":"2026-04-01T16:08:22","slug":"susilna-krpa-xl-modra-black-hole-copy","status":"publish","type":"product","link":"https:\/\/sijajko.si\/en\/product\/susilna-krpa-xl-modra-black-hole-copy\/","title":{"rendered":"Su\u0161ilna krpa XL Modra &#8220;BLACK HOLE&#8221;"},"content":{"rendered":"<p><strong>Su\u0161ilna krpa &#8220;BLACK HOLE&#8221;<\/strong> postavlja nove standarde pri negi vozil in velja za eno najmo\u010dnej\u0161ih su\u0161ilnih krp na trgu. S svojo impresivno velikostjo in te\u017eo lahko brez o\u017eemanja posu\u0161i do 3\u20134 vozila razreda Golf samo z eno krpo.<\/p>\n<ul>\n<li>Twisted Pile vlakna (korejska vlakna)<\/li>\n<li>Visoka vpojnost: 1.400 GSM<\/li>\n<li>Velikosti: 50 x 80 cm<\/li>\n<li>Su\u0161enje brez lis<\/li>\n<li>Popolnoma brez muck<\/li>\n<li>Visoka kakovost<\/li>\n<li>Ble\u0161\u010de\u010d sijaj po su\u0161enju vozila<\/li>\n<\/ul>","protected":false},"excerpt":{"rendered":"<p>Liquid Elements , Su\u0161ilna krpa &#8220;BLACK HOLE&#8221; postavlja nove standarde pri negi vozil in velja za eno najmo\u010dnej\u0161ih su\u0161ilnih krp na trgu.<\/p>","protected":false},"featured_media":3148,"comment_status":"open","ping_status":"closed","template":"","meta":[],"product_brand":[],"product_cat":[36,23,26,28,20],"product_tag":[],"class_list":{"0":"post-3152","1":"product","2":"type-product","3":"status-publish","4":"has-post-thumbnail","6":"product_cat-liquid-elements","7":"product_cat-naprave","8":"product_cat-pripomocki-za-pranje","9":"product_cat-vse","10":"product_cat-zunanjost","12":"first","13":"instock","14":"shipping-taxable","15":"purchasable","16":"product-type-simple"},"supplier_id":null,"supplier_sku":"","barcode":null,"atum_controlled":true,"out_stock_date":null,"out_stock_threshold":null,"inheritable":false,"inbound_stock":0,"stock_on_hold":0,"sold_today":0,"sales_last_days":0,"reserved_stock":0,"customer_returns":0,"warehouse_damage":0,"lost_in_post":0,"other_logs":0,"out_stock_days":0,"lost_sales":0,"has_location":null,"update_date":"2026-04-18T03:19:50","atum_locations":[],"atum_stock_status":"instock","restock_status":false,"low_stock_amount":1,"sales_update_date":"2026-04-18T03:19:50","calc_backorders":0,"_links":{"self":[{"href":"https:\/\/sijajko.si\/en\/wp-json\/wp\/v2\/product\/3152","targetHints":{"allow":["GET"]}}],"collection":[{"href":"https:\/\/sijajko.si\/en\/wp-json\/wp\/v2\/product"}],"about":[{"href":"https:\/\/sijajko.si\/en\/wp-json\/wp\/v2\/types\/product"}],"replies":[{"embeddable":true,"href":"https:\/\/sijajko.si\/en\/wp-json\/wp\/v2\/comments?post=3152"}],"wp:featuredmedia":[{"embeddable":true,"href":"https:\/\/sijajko.si\/en\/wp-json\/wp\/v2\/media\/3148"}],"wp:attachment":[{"href":"https:\/\/sijajko.si\/en\/wp-json\/wp\/v2\/media?parent=3152"}],"wp:term":[{"taxonomy":"product_brand","embeddable":true,"href":"https:\/\/sijajko.si\/en\/wp-json\/wp\/v2\/product_brand?post=3152"},{"taxonomy":"product_cat","embeddable":true,"href":"https:\/\/sijajko.si\/en\/wp-json\/wp\/v2\/product_cat?post=3152"},{"taxonomy":"product_tag","embeddable":true,"href":"https:\/\/sijajko.si\/en\/wp-json\/wp\/v2\/product_tag?post=3152"}],"curies":[{"name":"wp","href":"https:\/\/api.w.org\/{rel}","templated":true}]}}