{"id":2923,"date":"2025-09-08T20:29:05","date_gmt":"2025-09-08T18:29:05","guid":{"rendered":"https:\/\/sijajko.si\/?post_type=product&#038;p=2923"},"modified":"2026-04-01T17:17:37","modified_gmt":"2026-04-01T16:17:37","slug":"notranja-disava-cherry-smellow","status":"publish","type":"product","link":"https:\/\/sijajko.si\/en\/product\/notranja-disava-cherry-smellow\/","title":{"rendered":"Di\u0161ava za avto Cherry &#8220;SMELLOW&#8221; 100ml"},"content":{"rendered":"<p>Di\u0161ava za avto &#8220;<strong>SMELLOW<\/strong>&#8221; lahko notranjosti va\u0161ega vozila podari prijeten vonj. Zahvaljujo\u010d SMELLOW di\u0161avam se neprijetne vonjave nadomestijo z visokokakovostnimi in prijetnimi aromami.<\/p>\n<p>Idealna za zaklju\u010dek \u010di\u0161\u010denja notranjosti ali pa preprosto za osve\u017eitev vmes, saj zaradi priro\u010dne velikosti notranja di\u0161ava ustreza vsakemu predalu za rokavice.<\/p>\n<p>Lastnosti:<\/p>\n<ul>\n<li>Edinstven vonj<\/li>\n<li>Visokokakovostne di\u0161ave<\/li>\n<li>Brez lepljenja po\u0161kropljene povr\u0161ine<\/li>\n<li>Priro\u010dna oblika<\/li>\n<\/ul>\n<p><strong>Uporaba:<\/strong><\/p>\n<p>Pred uporabo pretresite stekleni\u010dko<br data-start=\"46\" data-end=\"49\" \/>Razpr\u0161ite 5\u20138 razpr\u0161kov na predpra\u017enik<br data-start=\"87\" data-end=\"90\" \/>Za intenzivnej\u0161i vonj postopek ponovite<\/p>","protected":false},"excerpt":{"rendered":"<p><strong data-start=\"167\" data-end=\"180\" data-is-only-node=\"\">Koli\u010dina:<\/strong> 100ml<br \/>\nDi\u0161ava za avto &#8220;<strong>SMELLOW<\/strong>&#8221; lahko notranjosti va\u0161ega vozila podari prijeten vonj. Zahvaljujo\u010d SMELLOW di\u0161avam se neprijetne vonjave nadomestijo z visokokakovostnimi in prijetnimi aromami.<\/p>","protected":false},"featured_media":2834,"comment_status":"open","ping_status":"closed","template":"","meta":[],"product_brand":[],"product_cat":[27,36,21,28],"product_tag":[],"class_list":{"0":"post-2923","1":"product","2":"type-product","3":"status-publish","4":"has-post-thumbnail","6":"product_cat-disave","7":"product_cat-liquid-elements","8":"product_cat-notranjost","9":"product_cat-vse","11":"first","12":"onbackorder","13":"shipping-taxable","14":"purchasable","15":"product-type-simple"},"supplier_id":null,"supplier_sku":"","barcode":null,"atum_controlled":true,"out_stock_date":"2026-04-01 17:17:37","out_stock_threshold":null,"inheritable":false,"inbound_stock":0,"stock_on_hold":0,"sold_today":0,"sales_last_days":0,"reserved_stock":0,"customer_returns":0,"warehouse_damage":0,"lost_in_post":0,"other_logs":0,"out_stock_days":16,"lost_sales":0,"has_location":null,"update_date":"2026-04-18T03:19:50","atum_locations":[],"atum_stock_status":"onbackorder","restock_status":false,"low_stock_amount":"","sales_update_date":"2026-04-18T03:19:50","calc_backorders":0,"_links":{"self":[{"href":"https:\/\/sijajko.si\/en\/wp-json\/wp\/v2\/product\/2923","targetHints":{"allow":["GET"]}}],"collection":[{"href":"https:\/\/sijajko.si\/en\/wp-json\/wp\/v2\/product"}],"about":[{"href":"https:\/\/sijajko.si\/en\/wp-json\/wp\/v2\/types\/product"}],"replies":[{"embeddable":true,"href":"https:\/\/sijajko.si\/en\/wp-json\/wp\/v2\/comments?post=2923"}],"wp:featuredmedia":[{"embeddable":true,"href":"https:\/\/sijajko.si\/en\/wp-json\/wp\/v2\/media\/2834"}],"wp:attachment":[{"href":"https:\/\/sijajko.si\/en\/wp-json\/wp\/v2\/media?parent=2923"}],"wp:term":[{"taxonomy":"product_brand","embeddable":true,"href":"https:\/\/sijajko.si\/en\/wp-json\/wp\/v2\/product_brand?post=2923"},{"taxonomy":"product_cat","embeddable":true,"href":"https:\/\/sijajko.si\/en\/wp-json\/wp\/v2\/product_cat?post=2923"},{"taxonomy":"product_tag","embeddable":true,"href":"https:\/\/sijajko.si\/en\/wp-json\/wp\/v2\/product_tag?post=2923"}],"curies":[{"name":"wp","href":"https:\/\/api.w.org\/{rel}","templated":true}]}}