{"id":2922,"date":"2025-09-08T20:24:49","date_gmt":"2025-09-08T18:24:49","guid":{"rendered":"https:\/\/sijajko.si\/?post_type=product&#038;p=2922"},"modified":"2026-04-01T17:13:44","modified_gmt":"2026-04-01T16:13:44","slug":"cistilo-za-notranjost-unicorn-cotton-candy-insider","status":"publish","type":"product","link":"https:\/\/sijajko.si\/en\/product\/cistilo-za-notranjost-unicorn-cotton-candy-insider\/","title":{"rendered":"Nega za notranjost Pure (Neutral) &#8220;INSIDER&#8221; 500ml"},"content":{"rendered":"<p data-start=\"0\" data-end=\"230\">Notranji \u010distilec &#8220;INSIDER&#8221; je primeren za \u010di\u0161\u010denje vseh povr\u0161in v notranjosti vozila, bodisi plastike, usnja, oblazinjenja ali Alcantare. Notranji \u010distilec odstrani trdovratno umazanijo, ne da bi pustil masten sijaj ali made\u017ee.<\/p>\n<p data-start=\"232\" data-end=\"244\"><strong>Lastnosti:<\/strong><\/p>\n<ul data-start=\"246\" data-end=\"393\" data-is-last-node=\"\" data-is-only-node=\"\">\n<li data-start=\"246\" data-end=\"274\">\n<p data-start=\"248\" data-end=\"274\">Zelo u\u010dinkovito \u010di\u0161\u010denje<\/p>\n<\/li>\n<li data-start=\"275\" data-end=\"323\">\n<p data-start=\"277\" data-end=\"323\">Primeren za usnje, oblazinjenje in Alcantaro<\/p>\n<\/li>\n<li data-start=\"324\" data-end=\"373\">\n<p data-start=\"326\" data-end=\"373\">Brez mastnega sijaja ali lepljivosti povr\u0161ine<\/p>\n<\/li>\n<li data-start=\"374\" data-end=\"393\" data-is-last-node=\"\">\n<p data-start=\"376\" data-end=\"393\" data-is-last-node=\"\">Prijetne di\u0161ave<\/p>\n<\/li>\n<\/ul>\n<div class=\"text-base my-auto mx-auto pb-10 [--thread-content-margin:--spacing(4)] thread-sm:[--thread-content-margin:--spacing(6)] thread-lg:[--thread-content-margin:--spacing(16)] px-(--thread-content-margin)\">\n<div class=\"[--thread-content-max-width:40rem] thread-sm:[--thread-content-max-width:40rem] thread-lg:[--thread-content-max-width:48rem] mx-auto max-w-(--thread-content-max-width) flex-1 group\/turn-messages focus-visible:outline-hidden relative flex w-full min-w-0 flex-col agent-turn\" tabindex=\"-1\">\n<div class=\"flex max-w-full flex-col grow\">\n<div class=\"min-h-8 text-message relative flex w-full flex-col items-end gap-2 text-start break-words whitespace-normal [.text-message+&amp;]:mt-5\" dir=\"auto\" data-message-author-role=\"assistant\" data-message-id=\"a7878d52-1f2b-455b-8615-1a3d986f585d\" data-message-model-slug=\"gpt-5\">\n<div class=\"flex w-full flex-col gap-1 empty:hidden first:pt-[3px]\">\n<div class=\"markdown prose dark:prose-invert w-full break-words dark markdown-new-styling\">\n<p data-start=\"0\" data-end=\"19\" data-is-last-node=\"\" data-is-only-node=\"\"><strong>Uporaba in lasnosti:<\/strong><\/p>\n<ol>\n<li data-start=\"0\" data-end=\"19\">Pred uporabo pretresite stekleni\u010dko<\/li>\n<li data-start=\"0\" data-end=\"19\">\u00a0Razpr\u0161ite notranji \u010distilec na povr\u0161ino, ki jo \u017eelite o\u010distiti, ali na mikro krpo<\/li>\n<li data-start=\"0\" data-end=\"19\">Razma\u017eite s krpo<\/li>\n<li data-start=\"0\" data-end=\"19\">Odstranite morebitne ostanke z drugo \u010disto krpo<\/li>\n<li data-start=\"0\" data-end=\"19\">Ponovite postopek za odstranjevanje trdovratne umazanije<\/li>\n<\/ol>\n<\/div>\n<\/div>\n<\/div>\n<\/div>\n<\/div>\n<\/div>","protected":false},"excerpt":{"rendered":"<p><strong data-start=\"167\" data-end=\"180\" data-is-only-node=\"\">Koli\u010dina:<\/strong> 500ml<br \/>\nLiquid Elements 500ml \u010distilo za notranjost &#8211; u\u010dinkovito odstrani made\u017ee in prah s plastike, tekstila in armature. Popolno za nego in detailing avtomobila.<\/p>","protected":false},"featured_media":2917,"comment_status":"open","ping_status":"closed","template":"","meta":[],"product_brand":[],"product_cat":[44,36,21,28],"product_tag":[],"class_list":{"0":"post-2922","1":"product","2":"type-product","3":"status-publish","4":"has-post-thumbnail","6":"product_cat-cistila-in-nega","7":"product_cat-liquid-elements","8":"product_cat-notranjost","9":"product_cat-vse","11":"first","12":"instock","13":"shipping-taxable","14":"purchasable","15":"product-type-simple"},"supplier_id":null,"supplier_sku":"","barcode":null,"atum_controlled":true,"out_stock_date":null,"out_stock_threshold":null,"inheritable":false,"inbound_stock":0,"stock_on_hold":0,"sold_today":0,"sales_last_days":0,"reserved_stock":0,"customer_returns":0,"warehouse_damage":0,"lost_in_post":0,"other_logs":0,"out_stock_days":0,"lost_sales":0,"has_location":null,"update_date":"2026-04-18T03:19:50","atum_locations":[],"atum_stock_status":"instock","restock_status":false,"low_stock_amount":"","sales_update_date":"2026-04-18T03:19:50","calc_backorders":0,"_links":{"self":[{"href":"https:\/\/sijajko.si\/en\/wp-json\/wp\/v2\/product\/2922","targetHints":{"allow":["GET"]}}],"collection":[{"href":"https:\/\/sijajko.si\/en\/wp-json\/wp\/v2\/product"}],"about":[{"href":"https:\/\/sijajko.si\/en\/wp-json\/wp\/v2\/types\/product"}],"replies":[{"embeddable":true,"href":"https:\/\/sijajko.si\/en\/wp-json\/wp\/v2\/comments?post=2922"}],"wp:featuredmedia":[{"embeddable":true,"href":"https:\/\/sijajko.si\/en\/wp-json\/wp\/v2\/media\/2917"}],"wp:attachment":[{"href":"https:\/\/sijajko.si\/en\/wp-json\/wp\/v2\/media?parent=2922"}],"wp:term":[{"taxonomy":"product_brand","embeddable":true,"href":"https:\/\/sijajko.si\/en\/wp-json\/wp\/v2\/product_brand?post=2922"},{"taxonomy":"product_cat","embeddable":true,"href":"https:\/\/sijajko.si\/en\/wp-json\/wp\/v2\/product_cat?post=2922"},{"taxonomy":"product_tag","embeddable":true,"href":"https:\/\/sijajko.si\/en\/wp-json\/wp\/v2\/product_tag?post=2922"}],"curies":[{"name":"wp","href":"https:\/\/api.w.org\/{rel}","templated":true}]}}