{"id":2601,"date":"2025-09-02T20:39:07","date_gmt":"2025-09-02T18:39:07","guid":{"rendered":"https:\/\/sijajko.si\/?post_type=product&#038;p=2601"},"modified":"2025-11-18T19:43:01","modified_gmt":"2025-11-18T18:43:01","slug":"vip-caribi-300-zenski","status":"publish","type":"product","link":"https:\/\/sijajko.si\/en\/product\/vip-caribi-300-zenski\/","title":{"rendered":"Di\u0161ava za avto VIP CARIBI 300 \u017dENSKI"},"content":{"rendered":"<div class=\"a86_tM QfrfFD cell\">\n<section class=\"Va_ZoC\" data-hook=\"description-wrapper\">\n<div class=\"LvOu6J\">\n<div class=\"vaI0UH undefined\" data-hook=\"content-wrapper\">\n<p>Alternativa CAROLINA HERRERA Good Girl<\/p>\n<p>Linijo osve\u017eilcev zraka za avtomobile VIP CARIBI sestavljajo vrhunski osve\u017eilci zraka s posebnimi di\u0161avami, ki navdu\u0161ujejo vohalni \u010dut. Osve\u017eilce zraka VIP CARIBI lahko uporabljate v avtomobilu, pisarni ali doma.<\/p>\n<ul class=\"YInLPU\" data-hook=\"collapse-info-section\">\n<li class=\"KHWbzo undefined\" data-hook=\"collapse-info-item\">\n<h5 class=\"smzlWQz oPqI1MX---typography-11-runningText oPqI1MX---priority-7-primary _HOcyB x4nptw sxbtulv ftb6e2\" aria-hidden=\"false\" data-hook=\"info-section-title\">opozorilna beseda: POZOR<\/h5>\n<div class=\"rah-static rah-static--height-auto\" aria-hidden=\"false\">\n<div>\n<div class=\"ulKuLk QfrfFD cell\">\n<div class=\"zp8uy2\" data-hook=\"info-section-description\">\n<h5 dir=\"ltr\">\u00a0H317 Lahko povzro\u010di alergijski odziv ko\u017ee.<\/h5>\n<h5 dir=\"ltr\">H412 \u0160kodljivo za vodne organizme, z dolgotrajnimi u\u010dinki.<\/h5>\n<h5 dir=\"ltr\">P272 Kontaminirana delovna obla\u010dila niso dovoljena zunaj delovnega mesta.<\/h5>\n<h5 dir=\"ltr\">P273 Prepre\u010diti spro\u0161\u010danje v okolje.<\/h5>\n<h5 dir=\"ltr\">P280 Nositi za\u0161\u010ditne rokavice\/za\u0161\u010ditno obleko\/za\u0161\u010dito za o\u010di\/za\u0161\u010dito za obraz.<\/h5>\n<h5 dir=\"ltr\">P302 + P352 PRI STIKU S KO\u017dO: umiti z veliko vode.<\/h5>\n<h5 dir=\"ltr\">P333 + P313 \u010ce nastopi dra\u017eenje ko\u017ee ali se pojavi izpu\u0161\u010daj: poi\u0161\u010dite zdravni\u0161ko pomo\u010d\/oskrbo.<\/h5>\n<h5 dir=\"ltr\">P362 + P364 Sle\u010di kontaminirana obla\u010dila in jih oprati pred ponovno uporabo.<\/h5>\n<h5 dir=\"ltr\">P501 Odstraniti vsebino\/posodo v skladu z lokalnimi\/regionalnimi\/nacionalnimi predpisi<\/h5>\n<h5><\/h5>\n<h5 dir=\"ltr\">\u00a0Vsebuje: piperonal<\/h5>\n<h5><\/h5>\n<h5 dir=\"ltr\">1-(2,2,6-trimetilcikloheksil)heksan-3-ol<\/h5>\n<h5 dir=\"ltr\">cinamil alkohol benzojeva smola, Siam<\/h5>\n<h5 dir=\"ltr\">4-hidroksi-2,5-dimetil-furan-2(3H)-on izoeugenol<\/h5>\n<\/div>\n<\/div>\n<\/div>\n<\/div>\n<\/li>\n<\/ul>\n<\/div>\n<\/div>\n<\/section>\n<\/div>\n<div class=\"NI6z1V QfrfFD cell\">\n<div class=\"bxKJdP\" data-hook=\"product-options\">\n<div data-hook=\"product-options-inputs\">\n<div class=\"\">\n<div id=\"TPAMultiSection_l25y2biq.product-page-details-7\" class=\"\" data-hook=\"slot-placeholder-TPAMultiSection_l25y2biq.product-page-details-7\"><\/div>\n<\/div>\n<\/div>\n<\/div>\n<div class=\"OHgko7 QfrfFD cell\">\n<div class=\"siy7RL\"><\/div>\n<\/div>\n<\/div>","protected":false},"excerpt":{"rendered":"<p data-start=\"1098\" data-end=\"1257\">Linijo osve\u017eilcev zraka za avtomobile VIP CARIBI sestavljajo vrhunski osve\u017eilci zraka s posebnimi di\u0161avami, ki navdu\u0161ujejo vohalni \u010dut. Osve\u017eilce zraka VIP CARIBI lahko uporabljate v avtomobilu, pisarni ali doma.<\/p>","protected":false},"featured_media":4703,"comment_status":"open","ping_status":"closed","template":"","meta":[],"product_brand":[],"product_cat":[27,21,28],"product_tag":[],"class_list":{"0":"post-2601","1":"product","2":"type-product","3":"status-publish","4":"has-post-thumbnail","6":"product_cat-disave","7":"product_cat-notranjost","8":"product_cat-vse","10":"first","11":"instock","12":"shipping-taxable","13":"purchasable","14":"product-type-simple"},"supplier_id":null,"supplier_sku":"","barcode":null,"atum_controlled":true,"out_stock_date":null,"out_stock_threshold":null,"inheritable":false,"inbound_stock":0,"stock_on_hold":0,"sold_today":0,"sales_last_days":0,"reserved_stock":0,"customer_returns":0,"warehouse_damage":0,"lost_in_post":0,"other_logs":0,"out_stock_days":0,"lost_sales":0,"has_location":false,"update_date":"2026-04-18T03:19:50","atum_locations":[],"atum_stock_status":"instock","restock_status":false,"low_stock_amount":"","sales_update_date":"2026-04-18T03:19:50","calc_backorders":null,"_links":{"self":[{"href":"https:\/\/sijajko.si\/en\/wp-json\/wp\/v2\/product\/2601","targetHints":{"allow":["GET"]}}],"collection":[{"href":"https:\/\/sijajko.si\/en\/wp-json\/wp\/v2\/product"}],"about":[{"href":"https:\/\/sijajko.si\/en\/wp-json\/wp\/v2\/types\/product"}],"replies":[{"embeddable":true,"href":"https:\/\/sijajko.si\/en\/wp-json\/wp\/v2\/comments?post=2601"}],"wp:featuredmedia":[{"embeddable":true,"href":"https:\/\/sijajko.si\/en\/wp-json\/wp\/v2\/media\/4703"}],"wp:attachment":[{"href":"https:\/\/sijajko.si\/en\/wp-json\/wp\/v2\/media?parent=2601"}],"wp:term":[{"taxonomy":"product_brand","embeddable":true,"href":"https:\/\/sijajko.si\/en\/wp-json\/wp\/v2\/product_brand?post=2601"},{"taxonomy":"product_cat","embeddable":true,"href":"https:\/\/sijajko.si\/en\/wp-json\/wp\/v2\/product_cat?post=2601"},{"taxonomy":"product_tag","embeddable":true,"href":"https:\/\/sijajko.si\/en\/wp-json\/wp\/v2\/product_tag?post=2601"}],"curies":[{"name":"wp","href":"https:\/\/api.w.org\/{rel}","templated":true}]}}